{"id":297,"date":"2025-12-01T19:27:08","date_gmt":"2025-12-01T19:27:08","guid":{"rendered":"https:\/\/segundalecturamanelsouto.bernat26.es\/?post_type=product&#038;p=297"},"modified":"2025-12-01T22:43:28","modified_gmt":"2025-12-01T22:43:28","slug":"casa-encantada","status":"publish","type":"product","link":"https:\/\/segundalecturamanelsouto.bernat26.es\/?product=casa-encantada","title":{"rendered":"Casa encantada"},"content":{"rendered":"<p>Como vender una casa encantada narra la historia de <strong data-start=\"195\" data-end=\"205\">Louise<\/strong>, quien tras la muerte de sus padres debe regresar a la antigua casa familiar junto a su hermano <strong data-start=\"302\" data-end=\"310\">Mark<\/strong>, con la intenci\u00f3n de venderla. La casa est\u00e1 repleta de recuerdos del pasado: los libros y pertenencias acad\u00e9micas del padre, y los mu\u00f1ecos y t\u00edteres con los que su madre manten\u00eda una obsesi\u00f3n. Louise no quiere volver, teme enfrentarse al duelo, al dolor de los recuerdos y a la tensi\u00f3n con un hermano al que siempre le cost\u00f3 aceptar sus \u00e9xitos.<\/p>\n<p><a href=\"https:\/\/www.planetadelibros.com\/libros\/terror\/00054\" target=\"_blank\" rel=\"noopener\">https:\/\/www.planetadelibros.com\/libros\/terror\/00054<\/a><\/p>\n","protected":false},"excerpt":{"rendered":"<p>Como vender una casa encantada narra la historia de Louise, quien tras la muerte de sus padres debe regresar a [&hellip;]<\/p>\n","protected":false},"featured_media":298,"comment_status":"open","ping_status":"closed","template":"","meta":{"_uag_custom_page_level_css":"","site-sidebar-layout":"default","site-content-layout":"","ast-site-content-layout":"default","site-content-style":"default","site-sidebar-style":"default","ast-global-header-display":"","ast-banner-title-visibility":"","ast-main-header-display":"","ast-hfb-above-header-display":"","ast-hfb-below-header-display":"","ast-hfb-mobile-header-display":"","site-post-title":"","ast-breadcrumbs-content":"","ast-featured-img":"","footer-sml-layout":"","theme-transparent-header-meta":"default","adv-header-id-meta":"","stick-header-meta":"","header-above-stick-meta":"","header-main-stick-meta":"","header-below-stick-meta":"","astra-migrate-meta-layouts":"set","ast-page-background-enabled":"default","ast-page-background-meta":{"desktop":{"background-color":"var(--ast-global-color-5)","background-image":"","background-repeat":"repeat","background-position":"center center","background-size":"auto","background-attachment":"scroll","background-type":"","background-media":"","overlay-type":"","overlay-color":"","overlay-opacity":"","overlay-gradient":""},"tablet":{"background-color":"","background-image":"","background-repeat":"repeat","background-position":"center center","background-size":"auto","background-attachment":"scroll","background-type":"","background-media":"","overlay-type":"","overlay-color":"","overlay-opacity":"","overlay-gradient":""},"mobile":{"background-color":"","background-image":"","background-repeat":"repeat","background-position":"center center","background-size":"auto","background-attachment":"scroll","background-type":"","background-media":"","overlay-type":"","overlay-color":"","overlay-opacity":"","overlay-gradient":""}},"ast-content-background-meta":{"desktop":{"background-color":"var(--ast-global-color-4)","background-image":"","background-repeat":"repeat","background-position":"center center","background-size":"auto","background-attachment":"scroll","background-type":"","background-media":"","overlay-type":"","overlay-color":"","overlay-opacity":"","overlay-gradient":""},"tablet":{"background-color":"var(--ast-global-color-4)","background-image":"","background-repeat":"repeat","background-position":"center center","background-size":"auto","background-attachment":"scroll","background-type":"","background-media":"","overlay-type":"","overlay-color":"","overlay-opacity":"","overlay-gradient":""},"mobile":{"background-color":"var(--ast-global-color-4)","background-image":"","background-repeat":"repeat","background-position":"center center","background-size":"auto","background-attachment":"scroll","background-type":"","background-media":"","overlay-type":"","overlay-color":"","overlay-opacity":"","overlay-gradient":""}}},"product_brand":[26],"product_cat":[30],"product_tag":[],"class_list":{"0":"post-297","1":"product","2":"type-product","3":"status-publish","4":"has-post-thumbnail","6":"product_brand-grupo-planeta","7":"product_cat-genero-suspense","8":"desktop-align-left","9":"tablet-align-left","10":"mobile-align-left","12":"first","13":"instock","14":"taxable","15":"shipping-taxable","16":"purchasable","17":"product-type-variable"},"uagb_featured_image_src":{"full":["https:\/\/segundalecturamanelsouto.bernat26.es\/wp-content\/uploads\/2025\/12\/portada_como-vender-una-casa-encantada_grady-hendrix_202307281136-1.webp",295,451,false],"thumbnail":["https:\/\/segundalecturamanelsouto.bernat26.es\/wp-content\/uploads\/2025\/12\/portada_como-vender-una-casa-encantada_grady-hendrix_202307281136-1-150x150.webp",150,150,true],"medium":["https:\/\/segundalecturamanelsouto.bernat26.es\/wp-content\/uploads\/2025\/12\/portada_como-vender-una-casa-encantada_grady-hendrix_202307281136-1-196x300.webp",196,300,true],"medium_large":["https:\/\/segundalecturamanelsouto.bernat26.es\/wp-content\/uploads\/2025\/12\/portada_como-vender-una-casa-encantada_grady-hendrix_202307281136-1.webp",295,451,false],"large":["https:\/\/segundalecturamanelsouto.bernat26.es\/wp-content\/uploads\/2025\/12\/portada_como-vender-una-casa-encantada_grady-hendrix_202307281136-1.webp",295,451,false],"1536x1536":["https:\/\/segundalecturamanelsouto.bernat26.es\/wp-content\/uploads\/2025\/12\/portada_como-vender-una-casa-encantada_grady-hendrix_202307281136-1.webp",295,451,false],"2048x2048":["https:\/\/segundalecturamanelsouto.bernat26.es\/wp-content\/uploads\/2025\/12\/portada_como-vender-una-casa-encantada_grady-hendrix_202307281136-1.webp",295,451,false],"woocommerce_thumbnail":["https:\/\/segundalecturamanelsouto.bernat26.es\/wp-content\/uploads\/2025\/12\/portada_como-vender-una-casa-encantada_grady-hendrix_202307281136-1-295x300.webp",295,300,true],"woocommerce_single":["https:\/\/segundalecturamanelsouto.bernat26.es\/wp-content\/uploads\/2025\/12\/portada_como-vender-una-casa-encantada_grady-hendrix_202307281136-1.webp",295,451,false],"woocommerce_gallery_thumbnail":["https:\/\/segundalecturamanelsouto.bernat26.es\/wp-content\/uploads\/2025\/12\/portada_como-vender-una-casa-encantada_grady-hendrix_202307281136-1-100x100.webp",100,100,true]},"uagb_author_info":{"display_name":"admin","author_link":"https:\/\/segundalecturamanelsouto.bernat26.es\/author"},"uagb_comment_info":0,"uagb_excerpt":"Como vender una casa encantada narra la historia de Louise, quien tras la muerte de sus padres debe regresar a [&hellip;]","_links":{"self":[{"href":"https:\/\/segundalecturamanelsouto.bernat26.es\/index.php?rest_route=\/wp\/v2\/product\/297","targetHints":{"allow":["GET"]}}],"collection":[{"href":"https:\/\/segundalecturamanelsouto.bernat26.es\/index.php?rest_route=\/wp\/v2\/product"}],"about":[{"href":"https:\/\/segundalecturamanelsouto.bernat26.es\/index.php?rest_route=\/wp\/v2\/types\/product"}],"replies":[{"embeddable":true,"href":"https:\/\/segundalecturamanelsouto.bernat26.es\/index.php?rest_route=%2Fwp%2Fv2%2Fcomments&post=297"}],"wp:featuredmedia":[{"embeddable":true,"href":"https:\/\/segundalecturamanelsouto.bernat26.es\/index.php?rest_route=\/wp\/v2\/media\/298"}],"wp:attachment":[{"href":"https:\/\/segundalecturamanelsouto.bernat26.es\/index.php?rest_route=%2Fwp%2Fv2%2Fmedia&parent=297"}],"wp:term":[{"taxonomy":"product_brand","embeddable":true,"href":"https:\/\/segundalecturamanelsouto.bernat26.es\/index.php?rest_route=%2Fwp%2Fv2%2Fproduct_brand&post=297"},{"taxonomy":"product_cat","embeddable":true,"href":"https:\/\/segundalecturamanelsouto.bernat26.es\/index.php?rest_route=%2Fwp%2Fv2%2Fproduct_cat&post=297"},{"taxonomy":"product_tag","embeddable":true,"href":"https:\/\/segundalecturamanelsouto.bernat26.es\/index.php?rest_route=%2Fwp%2Fv2%2Fproduct_tag&post=297"}],"curies":[{"name":"wp","href":"https:\/\/api.w.org\/{rel}","templated":true}]}}