{"id":287,"date":"2025-12-01T19:04:49","date_gmt":"2025-12-01T19:04:49","guid":{"rendered":"https:\/\/segundalecturamanelsouto.bernat26.es\/?post_type=product&#038;p=287"},"modified":"2025-12-01T19:05:35","modified_gmt":"2025-12-01T19:05:35","slug":"cadaver-exquisito","status":"publish","type":"product","link":"https:\/\/segundalecturamanelsouto.bernat26.es\/?product=cadaver-exquisito","title":{"rendered":"C\u00e1daver Exquisito"},"content":{"rendered":"<p data-start=\"84\" data-end=\"529\"><strong data-start=\"84\" data-end=\"105\">Cad\u00e1ver exquisito<\/strong> presenta una sociedad dist\u00f3pica en la que un virus letal aniquila a todos los animales: mascotas, ganados, fauna salvaje\u2026 esa carne ya no puede consumirse. Ante la crisis alimentaria, los gobiernos implementan una medida radical: la carne humana pasa a ser la principal fuente de alimento. La humanidad acepta criar, sacrificar, procesar y vender seres humanos como si fueran ganado.<\/p>\n<p data-start=\"531\" data-end=\"1081\">El protagonista, Marcos Tejo, trabaja como encargado en un frigor\u00edfico especializado en carne humana. Se trata de un hombre separado, que vive con su padre, y que intenta mantenerse al margen del horror. Pero cuando recibe como \u201cregalo\u201d a una mujer criada para consumo \u2014convencionalmente llamada \u201ccarne especial\u201d\u2014 su existencia se tambalea. Esa situaci\u00f3n le confronta con las implicaciones morales del sistema: la objetificaci\u00f3n de los seres humanos, la crueldad institucionalizada y la deshumanizaci\u00f3n masiva.<\/p>\n<p><a href=\"https:\/\/www.lecturalia.com\/libro\/101145\/cadaver-exquisito?utm_source=chatgpt.com\" target=\"_blank\" rel=\"noopener\">https:\/\/www.lecturalia.com\/libro\/101145\/cadaver-exquisito?utm_source<\/a><\/p>\n","protected":false},"excerpt":{"rendered":"<p>Cad\u00e1ver exquisito presenta una sociedad dist\u00f3pica en la que un virus letal aniquila a todos los animales: mascotas, ganados, fauna [&hellip;]<\/p>\n","protected":false},"featured_media":288,"comment_status":"open","ping_status":"closed","template":"","meta":{"_uag_custom_page_level_css":"","site-sidebar-layout":"default","site-content-layout":"","ast-site-content-layout":"default","site-content-style":"default","site-sidebar-style":"default","ast-global-header-display":"","ast-banner-title-visibility":"","ast-main-header-display":"","ast-hfb-above-header-display":"","ast-hfb-below-header-display":"","ast-hfb-mobile-header-display":"","site-post-title":"","ast-breadcrumbs-content":"","ast-featured-img":"","footer-sml-layout":"","theme-transparent-header-meta":"default","adv-header-id-meta":"","stick-header-meta":"","header-above-stick-meta":"","header-main-stick-meta":"","header-below-stick-meta":"","astra-migrate-meta-layouts":"set","ast-page-background-enabled":"default","ast-page-background-meta":{"desktop":{"background-color":"var(--ast-global-color-5)","background-image":"","background-repeat":"repeat","background-position":"center center","background-size":"auto","background-attachment":"scroll","background-type":"","background-media":"","overlay-type":"","overlay-color":"","overlay-opacity":"","overlay-gradient":""},"tablet":{"background-color":"","background-image":"","background-repeat":"repeat","background-position":"center center","background-size":"auto","background-attachment":"scroll","background-type":"","background-media":"","overlay-type":"","overlay-color":"","overlay-opacity":"","overlay-gradient":""},"mobile":{"background-color":"","background-image":"","background-repeat":"repeat","background-position":"center center","background-size":"auto","background-attachment":"scroll","background-type":"","background-media":"","overlay-type":"","overlay-color":"","overlay-opacity":"","overlay-gradient":""}},"ast-content-background-meta":{"desktop":{"background-color":"var(--ast-global-color-4)","background-image":"","background-repeat":"repeat","background-position":"center center","background-size":"auto","background-attachment":"scroll","background-type":"","background-media":"","overlay-type":"","overlay-color":"","overlay-opacity":"","overlay-gradient":""},"tablet":{"background-color":"var(--ast-global-color-4)","background-image":"","background-repeat":"repeat","background-position":"center center","background-size":"auto","background-attachment":"scroll","background-type":"","background-media":"","overlay-type":"","overlay-color":"","overlay-opacity":"","overlay-gradient":""},"mobile":{"background-color":"var(--ast-global-color-4)","background-image":"","background-repeat":"repeat","background-position":"center center","background-size":"auto","background-attachment":"scroll","background-type":"","background-media":"","overlay-type":"","overlay-color":"","overlay-opacity":"","overlay-gradient":""}}},"product_brand":[],"product_cat":[22],"product_tag":[],"class_list":{"0":"post-287","1":"product","2":"type-product","3":"status-publish","4":"has-post-thumbnail","6":"product_cat-sin-categorizar","7":"desktop-align-left","8":"tablet-align-left","9":"mobile-align-left","11":"first","12":"instock","13":"taxable","14":"shipping-taxable","15":"purchasable","16":"product-type-simple"},"uagb_featured_image_src":{"full":["https:\/\/segundalecturamanelsouto.bernat26.es\/wp-content\/uploads\/2025\/12\/descarga-1.jpg",181,279,false],"thumbnail":["https:\/\/segundalecturamanelsouto.bernat26.es\/wp-content\/uploads\/2025\/12\/descarga-1-150x150.jpg",150,150,true],"medium":["https:\/\/segundalecturamanelsouto.bernat26.es\/wp-content\/uploads\/2025\/12\/descarga-1.jpg",181,279,false],"medium_large":["https:\/\/segundalecturamanelsouto.bernat26.es\/wp-content\/uploads\/2025\/12\/descarga-1.jpg",181,279,false],"large":["https:\/\/segundalecturamanelsouto.bernat26.es\/wp-content\/uploads\/2025\/12\/descarga-1.jpg",181,279,false],"1536x1536":["https:\/\/segundalecturamanelsouto.bernat26.es\/wp-content\/uploads\/2025\/12\/descarga-1.jpg",181,279,false],"2048x2048":["https:\/\/segundalecturamanelsouto.bernat26.es\/wp-content\/uploads\/2025\/12\/descarga-1.jpg",181,279,false],"woocommerce_thumbnail":["https:\/\/segundalecturamanelsouto.bernat26.es\/wp-content\/uploads\/2025\/12\/descarga-1.jpg",181,279,false],"woocommerce_single":["https:\/\/segundalecturamanelsouto.bernat26.es\/wp-content\/uploads\/2025\/12\/descarga-1.jpg",181,279,false],"woocommerce_gallery_thumbnail":["https:\/\/segundalecturamanelsouto.bernat26.es\/wp-content\/uploads\/2025\/12\/descarga-1-100x100.jpg",100,100,true]},"uagb_author_info":{"display_name":"admin","author_link":"https:\/\/segundalecturamanelsouto.bernat26.es\/author"},"uagb_comment_info":0,"uagb_excerpt":"Cad\u00e1ver exquisito presenta una sociedad dist\u00f3pica en la que un virus letal aniquila a todos los animales: mascotas, ganados, fauna [&hellip;]","_links":{"self":[{"href":"https:\/\/segundalecturamanelsouto.bernat26.es\/index.php?rest_route=\/wp\/v2\/product\/287","targetHints":{"allow":["GET"]}}],"collection":[{"href":"https:\/\/segundalecturamanelsouto.bernat26.es\/index.php?rest_route=\/wp\/v2\/product"}],"about":[{"href":"https:\/\/segundalecturamanelsouto.bernat26.es\/index.php?rest_route=\/wp\/v2\/types\/product"}],"replies":[{"embeddable":true,"href":"https:\/\/segundalecturamanelsouto.bernat26.es\/index.php?rest_route=%2Fwp%2Fv2%2Fcomments&post=287"}],"wp:featuredmedia":[{"embeddable":true,"href":"https:\/\/segundalecturamanelsouto.bernat26.es\/index.php?rest_route=\/wp\/v2\/media\/288"}],"wp:attachment":[{"href":"https:\/\/segundalecturamanelsouto.bernat26.es\/index.php?rest_route=%2Fwp%2Fv2%2Fmedia&parent=287"}],"wp:term":[{"taxonomy":"product_brand","embeddable":true,"href":"https:\/\/segundalecturamanelsouto.bernat26.es\/index.php?rest_route=%2Fwp%2Fv2%2Fproduct_brand&post=287"},{"taxonomy":"product_cat","embeddable":true,"href":"https:\/\/segundalecturamanelsouto.bernat26.es\/index.php?rest_route=%2Fwp%2Fv2%2Fproduct_cat&post=287"},{"taxonomy":"product_tag","embeddable":true,"href":"https:\/\/segundalecturamanelsouto.bernat26.es\/index.php?rest_route=%2Fwp%2Fv2%2Fproduct_tag&post=287"}],"curies":[{"name":"wp","href":"https:\/\/api.w.org\/{rel}","templated":true}]}}