{"id":284,"date":"2025-12-01T18:58:05","date_gmt":"2025-12-01T18:58:05","guid":{"rendered":"https:\/\/segundalecturamanelsouto.bernat26.es\/?post_type=product&#038;p=284"},"modified":"2025-12-01T19:37:18","modified_gmt":"2025-12-01T19:37:18","slug":"el-circulo-de-los-dias","status":"publish","type":"product","link":"https:\/\/segundalecturamanelsouto.bernat26.es\/?product=el-circulo-de-los-dias","title":{"rendered":"El c\u00edrculo de los dias"},"content":{"rendered":"<p><em data-start=\"90\" data-end=\"114\">El c\u00edrculo de los d\u00edas<\/em> es una novela hist\u00f3rica de Ken Follett que narra la vida en la prehist\u00f3rica Gran Llanura de Britannia, centrada en la construcci\u00f3n de un monumental c\u00edrculo de piedras, inspirado en Stonehenge. La historia sigue a Seft, un joven extractor de s\u00edlex, y a Joia, sacerdotisa visionaria, quienes deben enfrentarse a los desaf\u00edos de unir tribus divididas \u2014ganaderos, agricultores y habitantes del bosque&#8230;<\/p>\n","protected":false},"excerpt":{"rendered":"<p>El c\u00edrculo de los d\u00edas es una novela hist\u00f3rica de Ken Follett que narra la vida en la prehist\u00f3rica Gran [&hellip;]<\/p>\n","protected":false},"featured_media":285,"comment_status":"open","ping_status":"closed","template":"","meta":{"_uag_custom_page_level_css":"","site-sidebar-layout":"default","site-content-layout":"","ast-site-content-layout":"default","site-content-style":"default","site-sidebar-style":"default","ast-global-header-display":"","ast-banner-title-visibility":"","ast-main-header-display":"","ast-hfb-above-header-display":"","ast-hfb-below-header-display":"","ast-hfb-mobile-header-display":"","site-post-title":"","ast-breadcrumbs-content":"","ast-featured-img":"","footer-sml-layout":"","theme-transparent-header-meta":"default","adv-header-id-meta":"","stick-header-meta":"","header-above-stick-meta":"","header-main-stick-meta":"","header-below-stick-meta":"","astra-migrate-meta-layouts":"set","ast-page-background-enabled":"default","ast-page-background-meta":{"desktop":{"background-color":"var(--ast-global-color-5)","background-image":"","background-repeat":"repeat","background-position":"center center","background-size":"auto","background-attachment":"scroll","background-type":"","background-media":"","overlay-type":"","overlay-color":"","overlay-opacity":"","overlay-gradient":""},"tablet":{"background-color":"","background-image":"","background-repeat":"repeat","background-position":"center center","background-size":"auto","background-attachment":"scroll","background-type":"","background-media":"","overlay-type":"","overlay-color":"","overlay-opacity":"","overlay-gradient":""},"mobile":{"background-color":"","background-image":"","background-repeat":"repeat","background-position":"center center","background-size":"auto","background-attachment":"scroll","background-type":"","background-media":"","overlay-type":"","overlay-color":"","overlay-opacity":"","overlay-gradient":""}},"ast-content-background-meta":{"desktop":{"background-color":"var(--ast-global-color-4)","background-image":"","background-repeat":"repeat","background-position":"center center","background-size":"auto","background-attachment":"scroll","background-type":"","background-media":"","overlay-type":"","overlay-color":"","overlay-opacity":"","overlay-gradient":""},"tablet":{"background-color":"var(--ast-global-color-4)","background-image":"","background-repeat":"repeat","background-position":"center center","background-size":"auto","background-attachment":"scroll","background-type":"","background-media":"","overlay-type":"","overlay-color":"","overlay-opacity":"","overlay-gradient":""},"mobile":{"background-color":"var(--ast-global-color-4)","background-image":"","background-repeat":"repeat","background-position":"center center","background-size":"auto","background-attachment":"scroll","background-type":"","background-media":"","overlay-type":"","overlay-color":"","overlay-opacity":"","overlay-gradient":""}}},"product_brand":[27],"product_cat":[28],"product_tag":[],"class_list":{"0":"post-284","1":"product","2":"type-product","3":"status-publish","4":"has-post-thumbnail","6":"product_brand-editorial-penguin","7":"product_cat-ciencia-ficcion","8":"desktop-align-left","9":"tablet-align-left","10":"mobile-align-left","12":"first","13":"instock","14":"taxable","15":"shipping-taxable","16":"purchasable","17":"product-type-simple"},"uagb_featured_image_src":{"full":["https:\/\/segundalecturamanelsouto.bernat26.es\/wp-content\/uploads\/2025\/12\/el-circulo-de-los-dias.webp",250,386,false],"thumbnail":["https:\/\/segundalecturamanelsouto.bernat26.es\/wp-content\/uploads\/2025\/12\/el-circulo-de-los-dias-150x150.webp",150,150,true],"medium":["https:\/\/segundalecturamanelsouto.bernat26.es\/wp-content\/uploads\/2025\/12\/el-circulo-de-los-dias-194x300.webp",194,300,true],"medium_large":["https:\/\/segundalecturamanelsouto.bernat26.es\/wp-content\/uploads\/2025\/12\/el-circulo-de-los-dias.webp",250,386,false],"large":["https:\/\/segundalecturamanelsouto.bernat26.es\/wp-content\/uploads\/2025\/12\/el-circulo-de-los-dias.webp",250,386,false],"1536x1536":["https:\/\/segundalecturamanelsouto.bernat26.es\/wp-content\/uploads\/2025\/12\/el-circulo-de-los-dias.webp",250,386,false],"2048x2048":["https:\/\/segundalecturamanelsouto.bernat26.es\/wp-content\/uploads\/2025\/12\/el-circulo-de-los-dias.webp",250,386,false],"woocommerce_thumbnail":["https:\/\/segundalecturamanelsouto.bernat26.es\/wp-content\/uploads\/2025\/12\/el-circulo-de-los-dias-250x300.webp",250,300,true],"woocommerce_single":["https:\/\/segundalecturamanelsouto.bernat26.es\/wp-content\/uploads\/2025\/12\/el-circulo-de-los-dias.webp",250,386,false],"woocommerce_gallery_thumbnail":["https:\/\/segundalecturamanelsouto.bernat26.es\/wp-content\/uploads\/2025\/12\/el-circulo-de-los-dias-100x100.webp",100,100,true]},"uagb_author_info":{"display_name":"admin","author_link":"https:\/\/segundalecturamanelsouto.bernat26.es\/author"},"uagb_comment_info":0,"uagb_excerpt":"El c\u00edrculo de los d\u00edas es una novela hist\u00f3rica de Ken Follett que narra la vida en la prehist\u00f3rica Gran [&hellip;]","_links":{"self":[{"href":"https:\/\/segundalecturamanelsouto.bernat26.es\/index.php?rest_route=\/wp\/v2\/product\/284","targetHints":{"allow":["GET"]}}],"collection":[{"href":"https:\/\/segundalecturamanelsouto.bernat26.es\/index.php?rest_route=\/wp\/v2\/product"}],"about":[{"href":"https:\/\/segundalecturamanelsouto.bernat26.es\/index.php?rest_route=\/wp\/v2\/types\/product"}],"replies":[{"embeddable":true,"href":"https:\/\/segundalecturamanelsouto.bernat26.es\/index.php?rest_route=%2Fwp%2Fv2%2Fcomments&post=284"}],"wp:featuredmedia":[{"embeddable":true,"href":"https:\/\/segundalecturamanelsouto.bernat26.es\/index.php?rest_route=\/wp\/v2\/media\/285"}],"wp:attachment":[{"href":"https:\/\/segundalecturamanelsouto.bernat26.es\/index.php?rest_route=%2Fwp%2Fv2%2Fmedia&parent=284"}],"wp:term":[{"taxonomy":"product_brand","embeddable":true,"href":"https:\/\/segundalecturamanelsouto.bernat26.es\/index.php?rest_route=%2Fwp%2Fv2%2Fproduct_brand&post=284"},{"taxonomy":"product_cat","embeddable":true,"href":"https:\/\/segundalecturamanelsouto.bernat26.es\/index.php?rest_route=%2Fwp%2Fv2%2Fproduct_cat&post=284"},{"taxonomy":"product_tag","embeddable":true,"href":"https:\/\/segundalecturamanelsouto.bernat26.es\/index.php?rest_route=%2Fwp%2Fv2%2Fproduct_tag&post=284"}],"curies":[{"name":"wp","href":"https:\/\/api.w.org\/{rel}","templated":true}]}}