{"id":6,"date":"2025-10-17T15:50:55","date_gmt":"2025-10-17T15:50:55","guid":{"rendered":"https:\/\/segundalecturamanelsouto.bernat26.es\/?page_id=6"},"modified":"2025-12-01T21:42:37","modified_gmt":"2025-12-01T21:42:37","slug":"home","status":"publish","type":"page","link":"https:\/\/segundalecturamanelsouto.bernat26.es\/","title":{"rendered":"Home"},"content":{"rendered":"\n<div class=\"wp-block-uagb-container uagb-block-b536d33b alignfull uagb-is-root-container\"><div class=\"uagb-container-inner-blocks-wrap\"><\/div><\/div>\n\n\n\n<p><\/p>\n\n\n\n<h2 class=\"wp-block-heading\">Bienvenida<\/h2>\n\n\n\n<div class=\"wp-block-columns is-layout-flex wp-container-core-columns-is-layout-28f84493 wp-block-columns-is-layout-flex\">\n<div class=\"wp-block-column is-layout-flow wp-block-column-is-layout-flow\">\n<h2 class=\"wp-block-heading\">DALE NUEVA VIDA A TUS LIBROS<\/h2>\n\n\n\n<p>Cada libro tiene una historia que contar. Haz que vuelva a manos de alguien que lo disfrute.<\/p>\n\n\n\n<div class=\"wp-block-buttons is-layout-flex wp-block-buttons-is-layout-flex\">\n<div class=\"wp-block-button\"><a class=\"wp-block-button__link wp-element-button\">IR A LA TIENDA<\/a><\/div>\n<\/div>\n<\/div>\n\n\n\n<div class=\"wp-block-column is-layout-flow wp-block-column-is-layout-flow\">\n<figure class=\"wp-block-image aligncenter size-full is-resized\"><img loading=\"lazy\" decoding=\"async\" width=\"1536\" height=\"1024\" src=\"https:\/\/segundalecturamanelsouto.bernat26.es\/wp-content\/uploads\/2025\/10\/898cda40-903e-4770-ad43-823c0d81373e-3.png\" alt=\"\" class=\"wp-image-33\" style=\"width:403px;height:auto\" srcset=\"https:\/\/segundalecturamanelsouto.bernat26.es\/wp-content\/uploads\/2025\/10\/898cda40-903e-4770-ad43-823c0d81373e-3.png 1536w, https:\/\/segundalecturamanelsouto.bernat26.es\/wp-content\/uploads\/2025\/10\/898cda40-903e-4770-ad43-823c0d81373e-3-300x200.png 300w\" sizes=\"auto, (max-width: 1536px) 100vw, 1536px\" \/><\/figure>\n<\/div>\n<\/div>\n\n\n\n<h2 class=\"wp-block-heading\">Filosof\u00eda <\/h2>\n\n\n\n<div class=\"wp-block-group has-white-color has-text-color has-background has-link-color wp-elements-690a101eb1f7e89a63136a7af348bede is-layout-constrained wp-block-group-is-layout-constrained\" style=\"background:linear-gradient(135deg,rgb(29,148,195) 0%,rgb(155,81,224) 100%)\">\n<figure class=\"wp-block-image aligncenter size-large is-resized is-style-rounded\"><img loading=\"lazy\" decoding=\"async\" width=\"1024\" height=\"1024\" src=\"https:\/\/segundalecturamanelsouto.bernat26.es\/wp-content\/uploads\/2025\/10\/44945-edited-1024x1024.jpg\" alt=\"\" class=\"wp-image-48\" style=\"width:149px;height:auto\" srcset=\"https:\/\/segundalecturamanelsouto.bernat26.es\/wp-content\/uploads\/2025\/10\/44945-edited-1024x1024.jpg 1024w, https:\/\/segundalecturamanelsouto.bernat26.es\/wp-content\/uploads\/2025\/10\/44945-edited-300x300.jpg 300w, https:\/\/segundalecturamanelsouto.bernat26.es\/wp-content\/uploads\/2025\/10\/44945-edited-150x150.jpg 150w, https:\/\/segundalecturamanelsouto.bernat26.es\/wp-content\/uploads\/2025\/10\/44945-edited-768x768.jpg 768w, https:\/\/segundalecturamanelsouto.bernat26.es\/wp-content\/uploads\/2025\/10\/44945-edited.jpg 1170w\" sizes=\"auto, (max-width: 1024px) 100vw, 1024px\" \/><\/figure>\n\n\n\n<blockquote class=\"wp-block-quote is-layout-flow wp-block-quote-is-layout-flow\">\n<p>\u201cSiempre me ha apasionado la lectura y me entristec\u00eda ver tantos libros olvidados en estanter\u00edas. Por eso cre\u00e9 <em>Segunda Lectura<\/em>: un lugar donde cada historia puede tener una nueva vida y llegar a m\u00e1s personas.\u201d<\/p>\n\n\n\n<p class=\"has-text-align-center\"><strong>Manel Souto<\/strong><\/p>\n<\/blockquote>\n<\/div>\n\n\n\n<h2 class=\"wp-block-heading\">Servicios<\/h2>\n\n\n\n<div class=\"wp-block-columns is-layout-flex wp-container-core-columns-is-layout-28f84493 wp-block-columns-is-layout-flex\">\n<div class=\"wp-block-column is-vertically-aligned-center is-layout-flow wp-block-column-is-layout-flow\">\n<figure class=\"wp-block-image aligncenter size-full\"><img loading=\"lazy\" decoding=\"async\" width=\"480\" height=\"270\" src=\"https:\/\/segundalecturamanelsouto.bernat26.es\/wp-content\/uploads\/2025\/10\/P30G2104.webp\" alt=\"\" class=\"wp-image-98\" srcset=\"https:\/\/segundalecturamanelsouto.bernat26.es\/wp-content\/uploads\/2025\/10\/P30G2104.webp 480w, https:\/\/segundalecturamanelsouto.bernat26.es\/wp-content\/uploads\/2025\/10\/P30G2104-300x169.webp 300w\" sizes=\"auto, (max-width: 480px) 100vw, 480px\" \/><\/figure>\n\n\n\n<h4 class=\"wp-block-heading has-text-align-center\">DALE NUEVA VIDA A TUS LIBROS<\/h4>\n\n\n\n<p class=\"has-text-align-center\">Vende tus libros al precio mas competitivo<\/p>\n\n\n\n<div class=\"wp-block-buttons is-content-justification-center is-layout-flex wp-container-core-buttons-is-layout-a89b3969 wp-block-buttons-is-layout-flex\">\n<div class=\"wp-block-button\"><a class=\"wp-block-button__link wp-element-button\">VENDER<\/a><\/div>\n<\/div>\n<\/div>\n\n\n\n<div class=\"wp-block-column is-vertically-aligned-center is-layout-flow wp-block-column-is-layout-flow\">\n<figure class=\"wp-block-image size-full\"><img loading=\"lazy\" decoding=\"async\" width=\"480\" height=\"270\" src=\"https:\/\/segundalecturamanelsouto.bernat26.es\/wp-content\/uploads\/2025\/10\/i09f2247.webp\" alt=\"\" class=\"wp-image-99\" srcset=\"https:\/\/segundalecturamanelsouto.bernat26.es\/wp-content\/uploads\/2025\/10\/i09f2247.webp 480w, https:\/\/segundalecturamanelsouto.bernat26.es\/wp-content\/uploads\/2025\/10\/i09f2247-300x169.webp 300w\" sizes=\"auto, (max-width: 480px) 100vw, 480px\" \/><\/figure>\n\n\n\n<h4 class=\"wp-block-heading has-text-align-center\">COMPRAR NUEVAS HISTORIAS<\/h4>\n\n\n\n<p class=\"has-text-align-center\">Deshazte de lo que no quieras<\/p>\n\n\n\n<div class=\"wp-block-buttons is-content-justification-center is-layout-flex wp-container-core-buttons-is-layout-a89b3969 wp-block-buttons-is-layout-flex\">\n<div class=\"wp-block-button\"><a class=\"wp-block-button__link wp-element-button\">COMPRAR<\/a><\/div>\n<\/div>\n<\/div>\n<\/div>\n\n\n\n<h2 class=\"wp-block-heading\">Productos Destacados<\/h2>\n\n\n\n<div class=\"wp-block-uagb-container uagb-block-db6a43fc alignfull uagb-is-root-container\"><div class=\"uagb-container-inner-blocks-wrap\">\n<div class=\"wp-block-uagb-container uagb-block-a5629cc6\">\n<figure class=\"wp-block-image size-full is-resized\"><img loading=\"lazy\" decoding=\"async\" width=\"250\" height=\"386\" src=\"https:\/\/segundalecturamanelsouto.bernat26.es\/wp-content\/uploads\/2025\/12\/el-circulo-de-los-dias-1.webp\" alt=\"\" class=\"wp-image-304\" style=\"width:367px;height:auto\" srcset=\"https:\/\/segundalecturamanelsouto.bernat26.es\/wp-content\/uploads\/2025\/12\/el-circulo-de-los-dias-1.webp 250w, https:\/\/segundalecturamanelsouto.bernat26.es\/wp-content\/uploads\/2025\/12\/el-circulo-de-los-dias-1-194x300.webp 194w\" sizes=\"auto, (max-width: 250px) 100vw, 250px\" \/><\/figure>\n\n\n\n<h3 class=\"wp-block-heading has-text-align-center\">El circulo de los dias<\/h3>\n\n\n\n<p>El c\u00edrculo de los d\u00edas narra c\u00f3mo tribus prehist\u00f3ricas se unen para construir un monumento de piedras gigantes, enfrentando conflictos, escasez y desaf\u00edos.<\/p>\n<\/div>\n\n\n\n<div class=\"wp-block-uagb-container uagb-block-66c75dcd\">\n<figure class=\"wp-block-image size-full is-resized\"><img loading=\"lazy\" decoding=\"async\" width=\"250\" height=\"386\" src=\"https:\/\/segundalecturamanelsouto.bernat26.es\/wp-content\/uploads\/2025\/12\/la-chica-del-lago-1.webp\" alt=\"\" class=\"wp-image-305\" style=\"width:367px;height:auto\" srcset=\"https:\/\/segundalecturamanelsouto.bernat26.es\/wp-content\/uploads\/2025\/12\/la-chica-del-lago-1.webp 250w, https:\/\/segundalecturamanelsouto.bernat26.es\/wp-content\/uploads\/2025\/12\/la-chica-del-lago-1-194x300.webp 194w\" sizes=\"auto, (max-width: 250px) 100vw, 250px\" \/><\/figure>\n\n\n\n<h3 class=\"wp-block-heading has-text-align-center\"><strong>La chica del lago<\/strong><\/h3>\n\n\n\n<p>La chica del lago es una novela de misterio en la que el hallazgo del cad\u00e1ver de una joven en un lago desata una investigaci\u00f3n que revela secretos, mentiras y tensiones ocultas entre los habitantes del pueblo.<\/p>\n<\/div>\n\n\n\n<div class=\"wp-block-uagb-container uagb-block-31a34dec\">\n<figure class=\"wp-block-image size-full is-resized\"><img loading=\"lazy\" decoding=\"async\" width=\"181\" height=\"278\" src=\"https:\/\/segundalecturamanelsouto.bernat26.es\/wp-content\/uploads\/2025\/12\/descarga-4-1.jpg\" alt=\"\" class=\"wp-image-306\" style=\"width:366px;height:auto\"\/><\/figure>\n\n\n\n<h3 class=\"wp-block-heading has-text-align-center\">Casa embrujada<\/h3>\n\n\n\n<p>Es una novela de misterio y suspenso en la que un grupo de j\u00f3venes investiga una casa donde ocurren fen\u00f3menos paranormales.<\/p>\n<\/div>\n<\/div><\/div>\n\n\n\n<p><\/p>\n","protected":false},"excerpt":{"rendered":"<p>Bienvenida DALE NUEVA VIDA A TUS LIBROS Cada libro tiene una historia que contar. Haz que vuelva a manos de [&hellip;]<\/p>\n","protected":false},"author":1,"featured_media":0,"parent":0,"menu_order":0,"comment_status":"closed","ping_status":"closed","template":"","meta":{"_uag_custom_page_level_css":"","site-sidebar-layout":"default","site-content-layout":"","ast-site-content-layout":"default","site-content-style":"default","site-sidebar-style":"default","ast-global-header-display":"","ast-banner-title-visibility":"","ast-main-header-display":"","ast-hfb-above-header-display":"","ast-hfb-below-header-display":"","ast-hfb-mobile-header-display":"","site-post-title":"disabled","ast-breadcrumbs-content":"","ast-featured-img":"","footer-sml-layout":"","theme-transparent-header-meta":"","adv-header-id-meta":"","stick-header-meta":"","header-above-stick-meta":"","header-main-stick-meta":"","header-below-stick-meta":"","astra-migrate-meta-layouts":"default","ast-page-background-enabled":"default","ast-page-background-meta":{"desktop":{"background-color":"var(--ast-global-color-5)","background-image":"","background-repeat":"repeat","background-position":"center center","background-size":"auto","background-attachment":"scroll","background-type":"","background-media":"","overlay-type":"","overlay-color":"","overlay-opacity":"","overlay-gradient":""},"tablet":{"background-color":"","background-image":"","background-repeat":"repeat","background-position":"center center","background-size":"auto","background-attachment":"scroll","background-type":"","background-media":"","overlay-type":"","overlay-color":"","overlay-opacity":"","overlay-gradient":""},"mobile":{"background-color":"","background-image":"","background-repeat":"repeat","background-position":"center center","background-size":"auto","background-attachment":"scroll","background-type":"","background-media":"","overlay-type":"","overlay-color":"","overlay-opacity":"","overlay-gradient":""}},"ast-content-background-meta":{"desktop":{"background-color":"var(--ast-global-color-4)","background-image":"","background-repeat":"repeat","background-position":"center center","background-size":"auto","background-attachment":"scroll","background-type":"","background-media":"","overlay-type":"","overlay-color":"","overlay-opacity":"","overlay-gradient":""},"tablet":{"background-color":"var(--ast-global-color-4)","background-image":"","background-repeat":"repeat","background-position":"center center","background-size":"auto","background-attachment":"scroll","background-type":"","background-media":"","overlay-type":"","overlay-color":"","overlay-opacity":"","overlay-gradient":""},"mobile":{"background-color":"var(--ast-global-color-4)","background-image":"","background-repeat":"repeat","background-position":"center center","background-size":"auto","background-attachment":"scroll","background-type":"","background-media":"","overlay-type":"","overlay-color":"","overlay-opacity":"","overlay-gradient":""}},"footnotes":""},"class_list":["post-6","page","type-page","status-publish","hentry"],"uagb_featured_image_src":{"full":false,"thumbnail":false,"medium":false,"medium_large":false,"large":false,"1536x1536":false,"2048x2048":false,"woocommerce_thumbnail":false,"woocommerce_single":false,"woocommerce_gallery_thumbnail":false},"uagb_author_info":{"display_name":"admin","author_link":"https:\/\/segundalecturamanelsouto.bernat26.es\/author\/manelsoutofp23"},"uagb_comment_info":0,"uagb_excerpt":"Bienvenida DALE NUEVA VIDA A TUS LIBROS Cada libro tiene una historia que contar. Haz que vuelva a manos de [&hellip;]","_links":{"self":[{"href":"https:\/\/segundalecturamanelsouto.bernat26.es\/index.php?rest_route=\/wp\/v2\/pages\/6","targetHints":{"allow":["GET"]}}],"collection":[{"href":"https:\/\/segundalecturamanelsouto.bernat26.es\/index.php?rest_route=\/wp\/v2\/pages"}],"about":[{"href":"https:\/\/segundalecturamanelsouto.bernat26.es\/index.php?rest_route=\/wp\/v2\/types\/page"}],"author":[{"embeddable":true,"href":"https:\/\/segundalecturamanelsouto.bernat26.es\/index.php?rest_route=\/wp\/v2\/users\/1"}],"replies":[{"embeddable":true,"href":"https:\/\/segundalecturamanelsouto.bernat26.es\/index.php?rest_route=%2Fwp%2Fv2%2Fcomments&post=6"}],"version-history":[{"count":39,"href":"https:\/\/segundalecturamanelsouto.bernat26.es\/index.php?rest_route=\/wp\/v2\/pages\/6\/revisions"}],"predecessor-version":[{"id":317,"href":"https:\/\/segundalecturamanelsouto.bernat26.es\/index.php?rest_route=\/wp\/v2\/pages\/6\/revisions\/317"}],"wp:attachment":[{"href":"https:\/\/segundalecturamanelsouto.bernat26.es\/index.php?rest_route=%2Fwp%2Fv2%2Fmedia&parent=6"}],"curies":[{"name":"wp","href":"https:\/\/api.w.org\/{rel}","templated":true}]}}