{"id":10,"date":"2025-10-06T18:26:43","date_gmt":"2025-10-06T18:26:43","guid":{"rendered":"https:\/\/segundalecturamanelsouto.bernat26.es\/?page_id=10"},"modified":"2025-10-17T17:19:46","modified_gmt":"2025-10-17T17:19:46","slug":"inicio","status":"publish","type":"page","link":"https:\/\/segundalecturamanelsouto.bernat26.es\/?page_id=10","title":{"rendered":"Inicio"},"content":{"rendered":"\n<div class=\"wp-block-cover alignfull is-light\" style=\"min-height:720px;aspect-ratio:unset;\"><span aria-hidden=\"true\" class=\"wp-block-cover__background has-background-dim-100 has-background-dim has-background-gradient\" style=\"background:linear-gradient(35deg,rgb(6,0,151) 0%,rgb(130,4,255) 73%,rgb(193,15,255) 100%)\"><\/span><div class=\"wp-block-cover__inner-container is-layout-flow wp-block-cover-is-layout-flow\">\n<div class=\"inherit-container-width wp-block-group alignwide is-layout-constrained wp-block-group-is-layout-constrained\">\n<div class=\"wp-block-media-text alignwide has-media-on-the-right is-stacked-on-mobile is-vertically-aligned-center\" style=\"grid-template-columns:auto 43%\"><div class=\"wp-block-media-text__content\">\n<h2 class=\"wp-block-heading has-text-align-left has-white-color has-text-color\">DALE NUEVA VIDA A TUS LIBROS<\/h2>\n\n\n\n<p class=\"has-white-color has-text-color\">Cada libro tiene una historia que contar. Haz que vuelva a manos de alguien que lo disfrute.<\/p>\n\n\n\n<p><\/p>\n\n\n\n<div class=\"wp-block-buttons is-layout-flex wp-block-buttons-is-layout-flex\">\n<div class=\"wp-block-button\"><a class=\"wp-block-button__link wp-element-button\" href=\"#\">Ir a la tienda<\/a><\/div>\n<\/div>\n<\/div><figure class=\"wp-block-media-text__media\"><img loading=\"lazy\" decoding=\"async\" width=\"1536\" height=\"1024\" src=\"https:\/\/segundalecturamanelsouto.bernat26.es\/wp-content\/uploads\/2025\/10\/898cda40-903e-4770-ad43-823c0d81373e-2.png\" alt=\"\" class=\"wp-image-31 size-full\" srcset=\"https:\/\/segundalecturamanelsouto.bernat26.es\/wp-content\/uploads\/2025\/10\/898cda40-903e-4770-ad43-823c0d81373e-2.png 1536w, https:\/\/segundalecturamanelsouto.bernat26.es\/wp-content\/uploads\/2025\/10\/898cda40-903e-4770-ad43-823c0d81373e-2-300x200.png 300w\" sizes=\"auto, (max-width: 1536px) 100vw, 1536px\" \/><\/figure><\/div>\n<\/div>\n<\/div><\/div>\n\n\n\n<div class=\"wp-block-group alignfull is-layout-constrained wp-container-core-group-is-layout-45b0ac4f wp-block-group-is-layout-constrained\" id=\"services\" style=\"padding-top:144px;padding-bottom:0px\">\n<h2 class=\"wp-block-heading has-text-align-center\">\u00bfQuienes somos?<\/h2>\n\n\n\n<div class=\"wp-block-columns is-layout-flex wp-container-core-columns-is-layout-60cbf9bb wp-block-columns-is-layout-flex\" style=\"margin-top:50px\">\n<div class=\"wp-block-column is-layout-flow wp-container-core-column-is-layout-6b73ce23 wp-block-column-is-layout-flow\">\n<p class=\"has-text-align-center\"><strong>En Segundo Lectura creemos que cada libro merece una nueva oportunidad. Somos un espacio dedicado a la reventa de libros de segunda mano, donde fomentamos la lectura accesible y sostenible. Nuestro objetivo es dar vida a historias olvidadas y acercarlas a nuevos lectores, promoviendo el amor por los libros y el cuidado del medio ambiente.<\/strong><\/p>\n<\/div>\n<\/div>\n<\/div>\n\n\n\n<p><\/p>\n\n\n\n<div class=\"wp-block-group alignfull has-background is-layout-constrained wp-container-core-group-is-layout-cfcca693 wp-block-group-is-layout-constrained\" id=\"contact\" style=\"background:linear-gradient(35deg,rgb(6,0,151) 0%,rgb(130,4,255) 64%,rgb(193,15,255) 98%);padding-top:104px;padding-bottom:104px\">\n<h2 class=\"wp-block-heading has-text-align-center has-text-color\" style=\"color:#ffffff\">Vende tus libros<\/h2>\n\n\n\n<div class=\"wp-block-buttons alignwide is-horizontal is-content-justification-center is-layout-flex wp-container-core-buttons-is-layout-bba8380a wp-block-buttons-is-layout-flex\" style=\"margin-top:50px\">\n<div class=\"wp-block-button\"><a class=\"wp-block-button__link wp-element-button\">Ir a la p\u00e0gina<\/a><\/div>\n<\/div>\n<\/div>\n\n\n\n<div class=\"wp-block-group alignfull has-ast-global-color-4-background-color has-background is-layout-constrained wp-container-core-group-is-layout-6a2cfb7b wp-block-group-is-layout-constrained\" id=\"reviews\">\n<figure class=\"wp-block-image aligncenter size-large is-resized is-style-rounded\"><img loading=\"lazy\" decoding=\"async\" width=\"1170\" height=\"1170\" src=\"https:\/\/segundalecturamanelsouto.bernat26.es\/wp-content\/uploads\/2025\/10\/44945-edited.jpg\" alt=\"\" class=\"wp-image-48\" style=\"width:118px;height:auto\" srcset=\"https:\/\/segundalecturamanelsouto.bernat26.es\/wp-content\/uploads\/2025\/10\/44945-edited.jpg 1170w, https:\/\/segundalecturamanelsouto.bernat26.es\/wp-content\/uploads\/2025\/10\/44945-edited-300x300.jpg 300w, https:\/\/segundalecturamanelsouto.bernat26.es\/wp-content\/uploads\/2025\/10\/44945-edited-1024x1024.jpg 1024w, https:\/\/segundalecturamanelsouto.bernat26.es\/wp-content\/uploads\/2025\/10\/44945-edited-150x150.jpg 150w, https:\/\/segundalecturamanelsouto.bernat26.es\/wp-content\/uploads\/2025\/10\/44945-edited-768x768.jpg 768w\" sizes=\"auto, (max-width: 1170px) 100vw, 1170px\" \/><\/figure>\n\n\n\n<p class=\"has-text-align-center\" style=\"font-size:22px;line-height:1.6\">\u201cSiempre me ha apasionado la lectura y me entristec\u00eda ver tantos libros olvidados en estanter\u00edas. Por eso cre\u00e9 <em>Segunda Lectura<\/em>: un lugar donde cada historia puede tener una nueva vida y llegar a m\u00e1s personas.\u201d<\/p>\n\n\n\n<p class=\"has-text-align-center\">Manel Souto<\/p>\n<\/div>\n\n\n\n<p><\/p>\n","protected":false},"excerpt":{"rendered":"<p>\u00bfQuienes somos? En Segundo Lectura creemos que cada libro merece una nueva oportunidad. Somos un espacio dedicado a la reventa [&hellip;]<\/p>\n","protected":false},"author":1,"featured_media":47,"parent":0,"menu_order":0,"comment_status":"closed","ping_status":"closed","template":"","meta":{"_uag_custom_page_level_css":"","site-sidebar-layout":"no-sidebar","site-content-layout":"plain-container","ast-site-content-layout":"default","site-content-style":"default","site-sidebar-style":"default","ast-global-header-display":"","ast-banner-title-visibility":"","ast-main-header-display":"","ast-hfb-above-header-display":"","ast-hfb-below-header-display":"","ast-hfb-mobile-header-display":"","site-post-title":"disabled","ast-breadcrumbs-content":"","ast-featured-img":"","footer-sml-layout":"","theme-transparent-header-meta":"enabled","adv-header-id-meta":"","stick-header-meta":"","header-above-stick-meta":"","header-main-stick-meta":"","header-below-stick-meta":"","astra-migrate-meta-layouts":"default","ast-page-background-enabled":"default","ast-page-background-meta":{"desktop":{"background-color":"var(--ast-global-color-5)","background-image":"","background-repeat":"repeat","background-position":"center center","background-size":"auto","background-attachment":"scroll","background-type":"","background-media":"","overlay-type":"","overlay-color":"","overlay-opacity":"","overlay-gradient":""},"tablet":{"background-color":"","background-image":"","background-repeat":"repeat","background-position":"center center","background-size":"auto","background-attachment":"scroll","background-type":"","background-media":"","overlay-type":"","overlay-color":"","overlay-opacity":"","overlay-gradient":""},"mobile":{"background-color":"","background-image":"","background-repeat":"repeat","background-position":"center center","background-size":"auto","background-attachment":"scroll","background-type":"","background-media":"","overlay-type":"","overlay-color":"","overlay-opacity":"","overlay-gradient":""}},"ast-content-background-meta":{"desktop":{"background-color":"var(--ast-global-color-4)","background-image":"","background-repeat":"repeat","background-position":"center center","background-size":"auto","background-attachment":"scroll","background-type":"","background-media":"","overlay-type":"","overlay-color":"","overlay-opacity":"","overlay-gradient":""},"tablet":{"background-color":"var(--ast-global-color-4)","background-image":"","background-repeat":"repeat","background-position":"center center","background-size":"auto","background-attachment":"scroll","background-type":"","background-media":"","overlay-type":"","overlay-color":"","overlay-opacity":"","overlay-gradient":""},"mobile":{"background-color":"var(--ast-global-color-4)","background-image":"","background-repeat":"repeat","background-position":"center center","background-size":"auto","background-attachment":"scroll","background-type":"","background-media":"","overlay-type":"","overlay-color":"","overlay-opacity":"","overlay-gradient":""}},"footnotes":""},"class_list":["post-10","page","type-page","status-publish","has-post-thumbnail","hentry"],"uagb_featured_image_src":{"full":["https:\/\/segundalecturamanelsouto.bernat26.es\/wp-content\/uploads\/2025\/10\/44945-2-edited.jpg",1170,1170,false],"thumbnail":["https:\/\/segundalecturamanelsouto.bernat26.es\/wp-content\/uploads\/2025\/10\/44945-2-edited-150x150.jpg",150,150,true],"medium":["https:\/\/segundalecturamanelsouto.bernat26.es\/wp-content\/uploads\/2025\/10\/44945-2-edited-300x300.jpg",300,300,true],"medium_large":["https:\/\/segundalecturamanelsouto.bernat26.es\/wp-content\/uploads\/2025\/10\/44945-2-edited-768x768.jpg",768,768,true],"large":["https:\/\/segundalecturamanelsouto.bernat26.es\/wp-content\/uploads\/2025\/10\/44945-2-edited-1024x1024.jpg",1024,1024,true],"1536x1536":["https:\/\/segundalecturamanelsouto.bernat26.es\/wp-content\/uploads\/2025\/10\/44945-2-edited.jpg",1170,1170,false],"2048x2048":["https:\/\/segundalecturamanelsouto.bernat26.es\/wp-content\/uploads\/2025\/10\/44945-2-edited.jpg",1170,1170,false],"woocommerce_thumbnail":["https:\/\/segundalecturamanelsouto.bernat26.es\/wp-content\/uploads\/2025\/10\/44945-2-edited.jpg",300,300,false],"woocommerce_single":["https:\/\/segundalecturamanelsouto.bernat26.es\/wp-content\/uploads\/2025\/10\/44945-2-edited.jpg",600,600,false],"woocommerce_gallery_thumbnail":["https:\/\/segundalecturamanelsouto.bernat26.es\/wp-content\/uploads\/2025\/10\/44945-2-edited.jpg",100,100,false]},"uagb_author_info":{"display_name":"admin","author_link":"https:\/\/segundalecturamanelsouto.bernat26.es\/author\/manelsoutofp23"},"uagb_comment_info":0,"uagb_excerpt":"\u00bfQuienes somos? En Segundo Lectura creemos que cada libro merece una nueva oportunidad. Somos un espacio dedicado a la reventa [&hellip;]","_links":{"self":[{"href":"https:\/\/segundalecturamanelsouto.bernat26.es\/index.php?rest_route=\/wp\/v2\/pages\/10","targetHints":{"allow":["GET"]}}],"collection":[{"href":"https:\/\/segundalecturamanelsouto.bernat26.es\/index.php?rest_route=\/wp\/v2\/pages"}],"about":[{"href":"https:\/\/segundalecturamanelsouto.bernat26.es\/index.php?rest_route=\/wp\/v2\/types\/page"}],"author":[{"embeddable":true,"href":"https:\/\/segundalecturamanelsouto.bernat26.es\/index.php?rest_route=\/wp\/v2\/users\/1"}],"replies":[{"embeddable":true,"href":"https:\/\/segundalecturamanelsouto.bernat26.es\/index.php?rest_route=%2Fwp%2Fv2%2Fcomments&post=10"}],"version-history":[{"count":23,"href":"https:\/\/segundalecturamanelsouto.bernat26.es\/index.php?rest_route=\/wp\/v2\/pages\/10\/revisions"}],"predecessor-version":[{"id":75,"href":"https:\/\/segundalecturamanelsouto.bernat26.es\/index.php?rest_route=\/wp\/v2\/pages\/10\/revisions\/75"}],"wp:featuredmedia":[{"embeddable":true,"href":"https:\/\/segundalecturamanelsouto.bernat26.es\/index.php?rest_route=\/wp\/v2\/media\/47"}],"wp:attachment":[{"href":"https:\/\/segundalecturamanelsouto.bernat26.es\/index.php?rest_route=%2Fwp%2Fv2%2Fmedia&parent=10"}],"curies":[{"name":"wp","href":"https:\/\/api.w.org\/{rel}","templated":true}]}}